{"id":3747,"date":"2023-10-25T17:43:42","date_gmt":"2023-10-25T21:43:42","guid":{"rendered":"https:\/\/www.plasticsurgery-canada.com\/?page_id=3747"},"modified":"2023-10-25T17:44:02","modified_gmt":"2023-10-25T21:44:02","slug":"publications","status":"publish","type":"page","link":"https:\/\/www.plasticsurgery-canada.com\/en\/publications\/","title":{"rendered":"Publications du Dr. Mouffar\u00e8ge"},"content":{"rendered":"<p>[et_pb_section fb_built=&#8221;1&#8243; fullwidth=&#8221;on&#8221; _builder_version=&#8221;4.16&#8243; box_shadow_style=&#8221;preset3&#8243; box_shadow_vertical=&#8221;7px&#8221; global_colors_info=&#8221;{}&#8221;][et_pb_fullwidth_header title=&#8221;Publications du Dr. Mouffar\u00e8ge&#8221; _builder_version=&#8221;4.19.5&#8243; title_text_color=&#8221;#111111&#8243; title_font_size=&#8221;28px&#8221; background_enable_color=&#8221;off&#8221; background_image=&#8221;https:\/\/www.plasticsurgery-canada.com\/wp-content\/uploads\/2017\/04\/dr-richard-moufarrege-longue-banniere.jpg&#8221; custom_margin=&#8221;||||false|false&#8221; custom_padding=&#8221;6vw||6vw||true|false&#8221; global_colors_info=&#8221;{}&#8221;][\/et_pb_fullwidth_header][\/et_pb_section][et_pb_section fb_built=&#8221;1&#8243; _builder_version=&#8221;4.16&#8243; background_color=&#8221;rgba(0,0,0,0)&#8221; global_colors_info=&#8221;{}&#8221;][et_pb_row use_custom_gutter=&#8221;on&#8221; gutter_width=&#8221;2&#8243; _builder_version=&#8221;4.16&#8243; global_colors_info=&#8221;{}&#8221;][et_pb_column type=&#8221;4_4&#8243; _builder_version=&#8221;4.16&#8243; global_colors_info=&#8221;{}&#8221;][et_pb_text _builder_version=&#8221;4.19.5&#8243; locked=&#8221;off&#8221; global_colors_info=&#8221;{}&#8221;]<\/p>\n<h3>Livres<\/h3>\n<ul>\n<li>AESTHETIC SURGERY OF THE BREAST, 1990, Editeur N Georgiade<br \/>Chapitre 30 : <strong>The Moufarrege Total Pedicle mammaplasty<\/strong><\/li>\n<li>LES IMPLANTS MAMMAIRESEN CHIRURGIE ESTH\u00c9TIQUE ET RECONSTRUCTRICE, 2005<br \/>Chapitre 5 : Richard Moufarr\u00e8ge, <strong>Consid\u00e9rations anatomo-artistiques sur le sein\u00a0<\/strong><\/li>\n<li>AESTHETIC SURGERY OF THE ABDOMINAL WALL, 2005, Editeur Melvin A.Shiffman<br \/>Chapitre 11: Richard Moufarr\u00e8ge, <strong>Horseshoe Abdominoplasty<\/strong><\/li>\n<li>BREAST AUGMENTATION, 2009, Editeur Melvin A.Shiffman<br \/>Chapitre 13: Richard Moufarrege, <strong>The Golden Ratios of the Breast<br \/><\/strong>Chapitre 18: Richard Moufarrege<strong>, <\/strong><strong>Choice of prosthesis surface: Myth or necessity?<br \/><\/strong>Chapitre 64: Richard Moufarrege, <strong>Hammock Capsulorrhaphy<\/strong><\/li>\n<li>COSMETIC SURGERY, 2013, Editeur Melvin Shiffman<br \/>Chapitre 46: Richard Moufarrege, <strong>The Moufarrege Total Posterior Pedicle Mammaplasty<\/strong><\/li>\n<li>Chapitre 53: Richard Moufarrege, <strong>The Horseshoe Abdominoplasty<\/strong><\/li>\n<li>COM, Encyclop\u00e9die Mondiale de la M\u00e9decine, 2001, Breast,<br \/>Chapitre : <strong>The Moufarrege Total Posterior Pedicle Mammaplasty<\/strong><\/li>\n<li><strong>THE MOUFARREGE TOTAL POSTERIOR PEDICLE OR THE UNIVERSAL MAMMAPLASTY<\/strong>, 2022, Editeur R.Moufarr\u00e8ge.<br \/>Volume de 17 chapitres d\u00e9taill\u00e9s plus loin.<\/li>\n<\/ul>\n<p>[\/et_pb_text][et_pb_text _builder_version=&#8221;4.19.5&#8243; locked=&#8221;off&#8221; global_colors_info=&#8221;{}&#8221;]<\/p>\n<h3>Revues<\/h3>\n<p>Le traitement de la fissure labio-palatine Moufarr\u00e8ge R, M\u00e9nard Y., Dion M.A. Union m\u00e9dicale du Canada D\u00e9cembre 1978<\/p>\n<p>&#8220;Plastie mammaire \u00e0 p\u00e9dicule dermo-glandulaire inf\u00e9rieur&#8221;<\/p>\n<p>Moufarr\u00e8ge R., Muller G.H., Beauregard G., Boss\u00e9e J.P., Papillon J.<\/p>\n<p>Annales de chirurgie plastique, vol. 27, no 3, 1982, pages 249-254<\/p>\n<p>&#8220;Pseudo-an\u00e9vrismes de l&#8217;art\u00e8re radiale. Int\u00e9r\u00eat de la microchirurgie. A propos d&#8217;un cas&#8221; Moufarr\u00e8ge R., Th\u00e9ot L. , Beauregard G., Boss\u00e9 J.P., Papillon J. Annales de chirurgie de la main,\u00a0 vol. 1, no 1, mai 1982, pages 40-44<\/p>\n<p>The scapular crest pediculed bone graft, Th\u00e9ot L., Boss\u00e9 J.P., Moufarr\u00e8ge R., Papillon J., Beauregard G. International Journal of Microsurgery, , vol. 3, no 4, d\u00e9c. 81, pages 257-262<\/p>\n<p>Mammaplasty by the inferior dermoglandular pedicle<\/p>\n<p>Moufarr\u00e8ge R., Muller G.H., Beauregard G.N., Boss\u00e9 J.P., Papillon J. Transactions of The International Congress ofPlastic and Reconstructive surgery, PRS, Williams H.B. Editor, June 1983, page 773<\/p>\n<p>Outcome of mammary capsulotomies<\/p>\n<p>Moufarr\u00e8ge R., Beauregard G.N., Boss\u00e9 J.P., Papillon J.<\/p>\n<p>Transactions of The WII International Congress of Plastic and Reconstructive surgery, PRS, Williams H.B. Editor, June 1983, page 784<\/p>\n<p>Le lambeau myocutan\u00e9 du grand droit: l&#8217;exp\u00e9rience d&#8217;une complication Moufarr\u00e8ge R., Boss\u00e9 J.P., Beauregard G., Papillon J.<\/p>\n<p>Annales de chirurgie plastique, vol 30, no 3, 1985, pages 272-274<\/p>\n<p>The total dermoglandular pedicle reduction mammoplasty\u00a0\u00a0<\/p>\n<p>Moufarr\u00e8ge R., Beauregard G., Boss\u00e9 J.P., Muller G.H., Papillon J.<\/p>\n<p>Journal of Aesthetic Plastic Surgery, vol. 9 , 1985, pages 227-232<\/p>\n<p>Outcome of mammary capsulotomies<\/p>\n<p>Moufarr\u00e8ge R., Boss\u00e9 J.P., Beauregard, G., Papillon J.<\/p>\n<p>Annals of Plastic Surgery, vol. 19, No l, July 1987, pages 62 \u00e0 64<\/p>\n<p>Les br\u00fblures de la main Moufarr\u00e8ge R., Actualit\u00e9 m\u00e9dicale avril 1988<\/p>\n<p>The Total Dermoglandular Pedicle Mammaplasty, Moufarr\u00e8ge, R.Aesthetic Surgery of the Breast, Georgiade, Georgiade, Rieftohl, 1990, W.B.<\/p>\n<p>Saunders Cie, &#8220;Textbook&#8221;, chapitre 30, pages 371 \u00e0 386<\/p>\n<p>Surface-patterned silicone implants. Decrease contracture for soft breast prosthesis<\/p>\n<p>Peter A. Vogt, Howard A.Seider, Richard Moufarr\u00e8ge ., John R. Leikensohn, Robert Ersek, Harry V. Eisenbeg, Dale Armstrong<\/p>\n<p>Contemporary Surgery, vol. 37, no 3, sept. 1990, pages 25-29<\/p>\n<p>Les dessous du P\u00e9dicule Total dans la chirurgie de r\u00e9duction mammaire<\/p>\n<p>Annales de chirurgie plastique esth\u00e9tique, vol. 35, no 3, 1990, pages 209-218<\/p>\n<p>Mammoplastie ou guerre des lignes,\u00a0 Moufarr\u00e8ge R.<\/p>\n<p>Annales de chirurgie plastique, Vol. 36, no 1, 1991, pages 23-25<\/p>\n<p>Transposition Flaps for pressure sore in paraplegics<\/p>\n<p>Beauregard G.N., Bortoluzzi P. , Moufarr\u00e8ge R., Papillon J., Boss\u00e9 J.P., Daigle J.P.<\/p>\n<p>Transactions of the X Congress of the International Confederation for Plastic and Reconstructive Surgery, Excepta Medica, Editor Hinderer U. T. 1992, pages 853-854<\/p>\n<p>Management of Invasive Facial Baso-Cell Carcinoma,<\/p>\n<p>Beauregard G.N., Borsanyi J.P., Moufarr\u00e8ge R., Boss\u00e9 J.P., Papillon J., Daigle J.P. Plastic Reconstructive and Aesthetic Surgery, Transactions of the Congress of the International Confederation, Harii K Editor, Kugler Publications, 1995, page 529.<\/p>\n<p>The Role of Free Tissue Transfer in the Management of Acute and Subacute Bum Wounds, Daigle J.P., Beauregard G.N., Boss\u00e9 J.P., Moufarr\u00e8ge R., Grossenbacher R., Papillon J., Plastic Reconstrucive and Aesthetic Surgery, 1995, page 86<\/p>\n<p>&nbsp;<\/p>\n<p>The Moufarr\u00e8ge Horseshoe Abdominoplasty, Moufarr\u00e8ge R., Aesthetic Surgery Journal, Vol. 17, no 2, March-April 1997, pages 91-96<\/p>\n<p>Consid\u00e9rations anatomo-artistique sur le sein, Moufarr\u00e8ge R.<\/p>\n<p>Annales de chirurgie plastique Esth\u00e9tique 50(2005)365-370<\/p>\n<p>Anatomical and artistic breast considerations, Considerations on the breast&#8221; R. Moufarr\u00e8ge, Aesthetic Surgery Journal<\/p>\n<p>Considerations on the breast&#8221;, R.Moufarr\u00e8ge, Encyclop\u00e9die mondiale de la m\u00e9decine emedicine.com<\/p>\n<p>Existe-t-il un rapport entre les incisions et la forme finale d\u2019un sein? &#8221; R.Moufarr\u00e8ge. Annales de chirurgie plastique esth\u00e9tique (2010) 55, 111-134.<\/p>\n<p>The effects of Moufarr\u00e8ge Total Posterior Pedicle Reduction Mammaplasty on breastfeeding, R.Moufarr\u00e8ge: A Review of 931 cases Aesthetic surgery journal septembre 2013.<\/p>\n<p>The Moufarrege Total Submuscular Breast Augmentation, R. Moufarrege, Advances in plastic and reconstructive surgery, (2018), 237 \u00e0 242<\/p>\n<p>Immediate Post-Mastectomy Reconstruction with Prosthesis Using The Moufarrege Total Posterior Pedicle Mammaplasty Design&#8221;, R. Moufarrege, (2019)1-10<\/p>\n<p>The Effects of Moufarrege Total Posterior Pedicle Reduction Mammaplasty on Breast Cancer incidence, R.Moufarrege, Surgical Science, (2017), 133-144.<\/p>\n<p>The Effect of the Moufarrege Total Posterior Pedicle Reduction Mammaplasty on the Erogenous Sensation of the Nipple, R. Moufarrege, Surgical Science, (2019), 127-140.<\/p>\n<p>The Moufarrege Total Posterior Pedicle or the Functional Pedicle, R. Moufarrege, M. Elyamani, M. mansouri, A alaoui, S. Bouchard, Journal of Surery and Insight, (2020) JSI-100012.<\/p>\n<p>Tuberous Breasts Correction by The Moufarrege Total Posterior Pedicle, R. Moufarrege,<\/p>\n<p>The Golden Ratios of The Breast, R.Moufarrege, Breasts Augmentation, Springer (2009)<\/p>\n<p>The Golden Ratios of The Breast, R.Moufarrege Principles and practices (2008), Books.google.com<\/p>\n<p>Pitfalls and Dangers of Mammaplasty Techniques, R.Moufarrege, The Moufarrege Total Posterior Pedicle or the Universal Mammaplasty, chapitre 1, 2022.<\/p>\n<p>The Golden Ratios of The Breast R.Moufarrege, The Moufarrege Total Posterior Pedicle or the Universal Mammaplasty, chapitre 3, 2022.<\/p>\n<p>The Moufarrege Total Posterior Pedicle, The Technique, R.Moufarrege, The Moufarrege Total Posterior Pedicle or the Universal Mammaplasty, chapitre 4, 2022.<\/p>\n<p>What Distinguishes the Moufarrege Total Posterior Pedicle from other mammaplasty techniques, R.Moufarrege, The Moufarrege Total Posterior Pedicle or the Universal Mammaplasty, chapitre 5, 2022.<\/p>\n<p>Functional Anatomy of the Breast, R.Moufarrege, The Moufarrege Total Posterior Pedicle or the Universal Mammaplasty, chapitre 6, 2022<\/p>\n<p>Breast Lifting by the Moufarrege Total Posterior Pedicle, R.Moufarrege, The Moufarrege Total Posterior Pedicle or the Universal Mammaplasty, chapitre 7, 2022.<\/p>\n<p>Breast Lifting Combined with augmentation by the Moufarrege Total Posterior Pedicle, R.Moufarrege, The Moufarrege Total Posterior Pedicle or the Universal Mammaplasty, chapitre 8, 2022.<\/p>\n<p>Immediate Post-Mastectomy Reconstruction with Prosthesis Using the Moufarrege Total Posterior Pedicle, R.Moufarrege, The Moufarrege Total Posterior Pedicle or the Universal Mammaplasty, chapitre 9, 2022.<\/p>\n<p>Correction of Tuberous Breasts by the Moufarrege Total posterior Pedicle, R.Moufarrege, The Moufarrege Total Posterior Pedicle or the Universal Mammaplasty, chapitre 10, 2022.<\/p>\n<p>The Incidence of Breast Cancer Following the Moufarrege Total Posterior Pedicle, R.Moufarrege, The Moufarrege Total Posterior Pedicle or the Universal Mammaplasty, chapitre 11, 2022.<\/p>\n<p>Breastfeeding After the Moufarrege Total Posterior Pedicle Reduction Mammaplasty, R.Moufarrege, The Moufarrege Total Posterior Pedicle or the Universal Mammaplasty, chapitre 12, 2022.<\/p>\n<p>The Nipple Erogenous Sensation after the Moufarrege Total Posterior Pedicle Mammaplasty, R.Moufarrege, The Moufarrege Total Posterior Pedicle or the Universal Mammaplasty, chapitre 13, 2022.<\/p>\n<p>Long Term Evolution with Moufarrege Total Posterior Pedicle Mammaplasty, R.Moufarrege, The Moufarrege Total Posterior Pedicle or the Universal Mammaplasty, chapitre 14, 2022.<\/p>\n<p>The Total Posterior Pedicle Atypical Breast Presentations, R.Moufarrege, The Moufarrege Total Posterior Pedicle or the Universal Mammaplasty, chapitre 15, 2022.<\/p>\n<p>The Total Submuscular Breast Augmentation, R.Moufarrege, The Moufarrege Total Posterior Pedicle or the Universal Mammaplasty, chapitre 16, 2022.<\/p>\n<p>The Moufarrege Total Posterior Pedicle or the Functional Pedicle, R.Moufarrege, The Moufarrege Total Posterior Pedicle or the Universal Mammaplasty, chapitre 17, 2022.<\/p>\n<p>Proposition d\u2019un nouveau bar\u00e8me de pr\u00e9judices&#8221;, R.Moufarr\u00e8ge, Jean- Noel Casaubon, Normand Houle, Actualit\u00e9s M\u00e9dicales.<\/p>\n<p>How to preserve complete breastfeeding function in breast reduction and lifting mammaplasties, R.Moufarr\u00e8ge, C.Awaida, H.sinno, M.Stevens, G.Gholam, M.Aribert, R.Laurent, R.Shoucair, IJMSCRS, feb 2023.<\/p>\n<p>How to avoid pseudoptosis after Lifting and Breast Reduction mammaplasties, R.Moufarr\u00e8ge, M.Aribert, G.Gholam, R.Laurent, R.Shoucair, C.Awaida, IJMSCRS, mar 2023.<\/p>\n<p>Correcting the Tuberous breast by the Moufarrege Total Posterior Pedicle: An Architectural reconstruction, R.Moufarr\u00e8ge, R.Shoucair, G.Gholam, M.Aribert, C.Awaida, R.Laurent, IJMSCRS, 2023<\/p>\n<p>How to preserve the Nipple Erogenic Sensation in breast lifting and reduction mammaplasties, R.Moufarr\u00e8ge, C.Awaida, H.Sinno, M.Stevens, G.Gholam, M.Aribert, R.laurent, R.Shoucair, IJMSCRS, Jan 2023<\/p>\n<p>How to avoid nipple necrosis in lifting and reduction mammaplasties, R.Moufarr\u00e8ge, M.Aribert, R.Shoucair, R.Laurent, C.Awaida, IJMSCRS, Apr 2023<\/p>\n<p>The Moufarrege Total Submuscular Augmentation or how to preserve Nipple Eropgenous sensation in breast Augmentation, R.Moufarr\u00e8ge, M.aribert, G.Gholam, C.Awaida, IJMSCRS, 2023\u00a0 \u00a0\u00a0\u00a0\u00a0<\/p>\n<p>[\/et_pb_text][et_pb_text _builder_version=&#8221;4.19.5&#8243; locked=&#8221;off&#8221; global_colors_info=&#8221;{}&#8221;]<\/p>\n<h3>Publications Non M\u00e9dicales<\/h3>\n<ul>\n<li>Trait\u00e9 d&#8217;histoire de l&#8217;architecture :<\/li>\n<li>&#8220;Versailles, ch\u00e2teau pour un roi, portrait d&#8217;un roi&#8221;.1992.<\/li>\n<li>&#8220;Le Temple de Bacchus, Architecture Romaine, H\u00e9ritage Ph\u00e9nicien&#8221;. 1994<\/li>\n<\/ul>\n<p>[\/et_pb_text][\/et_pb_column][\/et_pb_row][\/et_pb_section]<\/p>\n","protected":false},"excerpt":{"rendered":"<p>Livres AESTHETIC SURGERY OF THE BREAST, 1990, Editeur N GeorgiadeChapitre 30 : The Moufarrege Total Pedicle mammaplasty LES IMPLANTS MAMMAIRESEN CHIRURGIE ESTH\u00c9TIQUE ET RECONSTRUCTRICE, 2005Chapitre 5 : Richard Moufarr\u00e8ge, Consid\u00e9rations anatomo-artistiques sur le sein\u00a0 AESTHETIC SURGERY OF THE ABDOMINAL WALL, 2005, Editeur Melvin A.ShiffmanChapitre 11: Richard Moufarr\u00e8ge, Horseshoe Abdominoplasty BREAST AUGMENTATION, 2009, Editeur Melvin A.ShiffmanChapitre [&hellip;]<\/p>\n","protected":false},"author":10,"featured_media":0,"parent":0,"menu_order":0,"comment_status":"closed","ping_status":"closed","template":"","meta":{"_et_pb_use_builder":"on","_et_pb_old_content":"","_et_gb_content_width":"","content-type":"","footnotes":""},"yst_prominent_words":[],"_links":{"self":[{"href":"https:\/\/www.plasticsurgery-canada.com\/en\/wp-json\/wp\/v2\/pages\/3747"}],"collection":[{"href":"https:\/\/www.plasticsurgery-canada.com\/en\/wp-json\/wp\/v2\/pages"}],"about":[{"href":"https:\/\/www.plasticsurgery-canada.com\/en\/wp-json\/wp\/v2\/types\/page"}],"author":[{"embeddable":true,"href":"https:\/\/www.plasticsurgery-canada.com\/en\/wp-json\/wp\/v2\/users\/10"}],"replies":[{"embeddable":true,"href":"https:\/\/www.plasticsurgery-canada.com\/en\/wp-json\/wp\/v2\/comments?post=3747"}],"version-history":[{"count":0,"href":"https:\/\/www.plasticsurgery-canada.com\/en\/wp-json\/wp\/v2\/pages\/3747\/revisions"}],"wp:attachment":[{"href":"https:\/\/www.plasticsurgery-canada.com\/en\/wp-json\/wp\/v2\/media?parent=3747"}],"wp:term":[{"taxonomy":"yst_prominent_words","embeddable":true,"href":"https:\/\/www.plasticsurgery-canada.com\/en\/wp-json\/wp\/v2\/yst_prominent_words?post=3747"}],"curies":[{"name":"wp","href":"https:\/\/api.w.org\/{rel}","templated":true}]}}