{"id":1820,"date":"2019-10-10T09:39:38","date_gmt":"2019-10-10T13:39:38","guid":{"rendered":"http:\/\/www.plasticsurgery-canada.com\/dr-moufarrege\/"},"modified":"2019-12-26T15:37:16","modified_gmt":"2019-12-26T20:37:16","slug":"dr-moufarrege","status":"publish","type":"page","link":"https:\/\/www.plasticsurgery-canada.com\/en\/dr-moufarrege\/","title":{"rendered":"Dr. Moufarr\u00e8ge"},"content":{"rendered":"<p>[et_pb_section fb_built=&#8221;1&#8243; fullwidth=&#8221;on&#8221; _builder_version=&#8221;3.29.3&#8243; box_shadow_style=&#8221;preset3&#8243; box_shadow_vertical=&#8221;7px&#8221;][et_pb_fullwidth_header title=&#8221;Dr. Richard Moufarrege&#8221; _builder_version=&#8221;4.0.9&#8243; title_text_color=&#8221;#111111&#8243; title_font_size=&#8221;28px&#8221; background_enable_color=&#8221;off&#8221; background_image=&#8221;http:\/\/www.plasticsurgery-canada.com\/wp-content\/uploads\/2017\/04\/dr-richard-moufarrege-longue-banniere.jpg&#8221; custom_margin=&#8221;||||false|false&#8221; custom_padding=&#8221;6vw||6vw||true|false&#8221; hover_enabled=&#8221;0&#8243; subhead=&#8221;In this experienced surgeon leaves an impressive talent&#8221; subhead_text_color=&#8221;#000000&#8243; subhead_font=&#8221;|600|||||||&#8221;][\/et_pb_fullwidth_header][\/et_pb_section][et_pb_section fb_built=&#8221;1&#8243; _builder_version=&#8221;3.29.3&#8243;][et_pb_row column_structure=&#8221;2_5,3_5&#8243; _builder_version=&#8221;3.29.3&#8243;][et_pb_column type=&#8221;2_5&#8243; _builder_version=&#8221;3.29.3&#8243;][et_pb_image src=&#8221;http:\/\/www.plasticsurgery-canada.com\/wp-content\/uploads\/2017\/04\/dr-richard-moufarrege.jpg&#8221; _builder_version=&#8221;3.29.3&#8243;][\/et_pb_image][et_pb_image src=&#8221;http:\/\/www.plasticsurgery-canada.com\/wp-content\/uploads\/2017\/04\/moufarregetoile.jpg&#8221; _builder_version=&#8221;3.29.3&#8243;][\/et_pb_image][et_pb_image src=&#8221;http:\/\/www.plasticsurgery-canada.com\/wp-content\/uploads\/2017\/04\/moufarregeavion.jpg&#8221; _builder_version=&#8221;3.29.3&#8243;][\/et_pb_image][\/et_pb_column][et_pb_column type=&#8221;3_5&#8243; _builder_version=&#8221;3.29.3&#8243;][et_pb_text _builder_version=&#8221;4.0.6&#8243; header_3_text_align=&#8221;center&#8221; locked=&#8221;off&#8221;]<\/p>\n<h3>Richard Moufarr\u00e8ge<\/h3>\n<p>[\/et_pb_text][et_pb_divider divider_weight=&#8221;3px&#8221; _builder_version=&#8221;3.29.3&#8243; width=&#8221;25%&#8221; module_alignment=&#8221;center&#8221; custom_margin=&#8221;-1vw||||false|false&#8221; locked=&#8221;off&#8221;][\/et_pb_divider][et_pb_text _builder_version=&#8221;3.29.3&#8243; max_width=&#8221;95%&#8221; custom_margin=&#8221;|||||false&#8221; custom_padding=&#8221;|0px|||false|false&#8221;]Dr Moufarrege is Fellow of the Royal College of Surgery (Canada) and Assistant Professor of Plastic surgery in the University of Montreal. He is also Professor in the French College of plastic Surgery, since he trained a large number of French plastic surgeons.<\/p>\n<p>He started his practice in the Hotel-Dieu University hospital in Montreal and continued with the CHUM (Montreal University Hospital Center) When three University Hospitals merged together.<\/p>\n<p>He is a member of many national, foreign and international plastic surgery societies<\/p>\n<p>He studied Fine arts in UQAM University and instituted a Drawing course on nude model for Montreal University Program of Plastic Surgery trainees<\/p>\n<p>He participated in various research works, among which the identification and elaboration of a new free composed flap- scapular flap- for mandible reconstruction, and many other researches concerning fibrous capsules and breast surgery. He has been guest speaker in an important number of plastic surgery conventions all around the world and has presented works in four different languages.<\/p>\n<p>He wrote nine textbook chapters, mainly on breast and abdomen, and he is putting a final hand on a new textbook entitled \u201cThe Moufarrege Total Posterior Pedicle or the Universal Mammaplasty\u201d .<\/p>\n<p>Dr Moufarrege is the father of all posterior pedicles in mammaplasties, creator of the total Posterior Pedicle Mammaplasty, The Horseshoe Abdominoplasty, the Golden Ratios of the Breast, the Hammoc Capsulorraphy.<\/p>\n<p>He is an inventor of a Mechanized Intradermal Suturing device (us patent), and inventor of many construction and leisure devices<\/p>\n<p>Dr Moufarrege has a diversified number of hobbies, including painting, sculpturing, architecture, Archeology and mythology, construction, heavy machinery operating, classical singing and choir and orchestra production, skeet shooting, hunting and fly fishing, oenology, aircraft piloting, etc.[\/et_pb_text][et_pb_button button_url=&#8221;@ET-DC@eyJkeW5hbWljIjp0cnVlLCJjb250ZW50IjoicG9zdF9saW5rX3VybF9wYWdlIiwic2V0dGluZ3MiOnsicG9zdF9pZCI6IjExMTUifX0=@&#8221; button_text=&#8221;Make an appointment&#8221; button_alignment=&#8221;center&#8221; _builder_version=&#8221;4.0.6&#8243; _dynamic_attributes=&#8221;button_url&#8221; custom_button=&#8221;on&#8221; button_text_size=&#8221;20px&#8221; button_text_color=&#8221;#ffffff&#8221; custom_margin=&#8221;20px||||false|false&#8221; box_shadow_style=&#8221;preset3&#8243; locked=&#8221;off&#8221;][\/et_pb_button][\/et_pb_column][\/et_pb_row][\/et_pb_section][et_pb_section fb_built=&#8221;1&#8243; _builder_version=&#8221;3.29.3&#8243; background_enable_color=&#8221;off&#8221; background_image=&#8221;http:\/\/www.plasticsurgery-canada.com\/wp-content\/uploads\/2017\/04\/dr-richard-moufarrege-parallax-toile.jpg&#8221; parallax=&#8221;on&#8221; parallax_method=&#8221;off&#8221; custom_padding=&#8221;0px||0px||false|false&#8221; locked=&#8221;off&#8221;][et_pb_row _builder_version=&#8221;3.29.3&#8243; background_color=&#8221;rgba(17,17,17,0.4)&#8221; width=&#8221;100%&#8221; max_width=&#8221;2560px&#8221; module_alignment=&#8221;center&#8221;][et_pb_column type=&#8221;4_4&#8243; _builder_version=&#8221;3.29.3&#8243;][et_pb_text _builder_version=&#8221;3.29.3&#8243; header_3_text_align=&#8221;center&#8221; header_3_text_color=&#8221;#ffffff&#8221; locked=&#8221;off&#8221;]Dr Moufarr\u00e8ge career[\/et_pb_text][et_pb_divider divider_weight=&#8221;3px&#8221; _builder_version=&#8221;3.29.3&#8243; width=&#8221;10%&#8221; module_alignment=&#8221;center&#8221; custom_margin=&#8221;-2vw||||false|false&#8221; locked=&#8221;off&#8221;][\/et_pb_divider][\/et_pb_column][\/et_pb_row][et_pb_row column_structure=&#8221;1_2,1_2&#8243; _builder_version=&#8221;3.29.3&#8243; background_color=&#8221;rgba(17,17,17,0.4)&#8221; width=&#8221;100%&#8221; max_width=&#8221;2560px&#8221; module_alignment=&#8221;center&#8221;][et_pb_column type=&#8221;1_2&#8243; _builder_version=&#8221;3.29.3&#8243;][et_pb_text _builder_version=&#8221;3.29.3&#8243; text_text_color=&#8221;#ffffff&#8221; custom_margin=&#8221;|||500px|false|false&#8221;]Professionnals titles<br \/>\nPlastic surgeon<br \/>\nProfessor of Plastic Surgery at the Universit\u00e9 de Montr\u00e9al<br \/>\nProfessor at the French College of Plastic Surgery<br \/>\nFather of the Posterior Pedicule<br \/>\nMGV Vice President<br \/>\nRealisations<br \/>\nCreator of the Total Posterior Pedicle Mammaplasty<br \/>\nCreator of the Horseshoe abdominoplasty<br \/>\nCreator of the Golden Ratios of the Breast<br \/>\nCreator of the Hammock Capsulorraphy<br \/>\nInventor of an intradermal mechanical suturing instrument (US patent)<br \/>\nInventor of several construction and leisure devices<br \/>\nReviewer in many plastic surgery magazines.[\/et_pb_text][\/et_pb_column][et_pb_column type=&#8221;1_2&#8243; _builder_version=&#8221;3.29.3&#8243;][et_pb_text _builder_version=&#8221;3.29.3&#8243; text_text_color=&#8221;#ffffff&#8221; width=&#8221;100%&#8221; max_width=&#8221;100%&#8221; custom_margin=&#8221;|||0px|false|false&#8221;]Professionnals associations<br \/>\nCanadian Medical Association<br \/>\nQuebec Medical Association<br \/>\nAssociation of Specialists in Plastic and Aesthetic Surgery<br \/>\nColl\u00e8ge des m\u00e9decins du Qu\u00e9bec<br \/>\nFederation of Specialists Doctors of Quebec<br \/>\nRoyal College of Physicians and Surgeons of Canada<br \/>\nThe Canadian Society of Plastic Surgeons<br \/>\nCanadian Society for Aesthetic Plastic Surgery<br \/>\nAmerican Society of Plastic Surgeons<br \/>\nInternational Society of Aesthetic Plastic Surgery<br \/>\nThe American Society for Aesthetic Plastic Surgery Inc.<br \/>\nSoci\u00e9t\u00e9 fran\u00e7aise de chirurgie plastique<br \/>\nSoci\u00e9t\u00e9 fran\u00e7aise de chirurgie plastique, reconstructrice et esth\u00e9tique[\/et_pb_text][\/et_pb_column][\/et_pb_row][\/et_pb_section][et_pb_section fb_built=&#8221;1&#8243; _builder_version=&#8221;3.29.3&#8243; custom_margin=&#8221;||-125px||false|false&#8221;][et_pb_row _builder_version=&#8221;3.29.3&#8243;][et_pb_column type=&#8221;4_4&#8243; _builder_version=&#8221;3.29.3&#8243;][et_pb_text _builder_version=&#8221;4.0.6&#8243; header_3_text_align=&#8221;center&#8221; locked=&#8221;off&#8221;]<\/p>\n<h3>An artist above all<\/h3>\n<p>[\/et_pb_text][et_pb_divider divider_weight=&#8221;3px&#8221; _builder_version=&#8221;3.29.3&#8243; width=&#8221;10%&#8221; module_alignment=&#8221;center&#8221; custom_margin=&#8221;-1vw||||false|false&#8221;][\/et_pb_divider][et_pb_text _builder_version=&#8221;3.29.3&#8243; text_orientation=&#8221;center&#8221; max_width=&#8221;50%&#8221; module_alignment=&#8221;center&#8221; custom_margin=&#8221;-27px||||false|false&#8221;]Dr Moufarrege is a passionate and an accomplished humanist. He spends his extramedical time in painting, sculpturing, constructing, architecture, classical song, inventions (he holds many patents), piloting, etc. He is vice president of MGV coop High speed monorail), lecturer and reviewer for different medical magazines.[\/et_pb_text][\/et_pb_column][\/et_pb_row][\/et_pb_section][et_pb_section fb_built=&#8221;1&#8243; _builder_version=&#8221;3.29.3&#8243;][et_pb_row column_structure=&#8221;1_3,1_3,1_3&#8243; _builder_version=&#8221;3.29.3&#8243;][et_pb_column type=&#8221;1_3&#8243; _builder_version=&#8221;3.29.3&#8243;][et_pb_image src=&#8221;http:\/\/www.plasticsurgery-canada.com\/wp-content\/uploads\/2017\/04\/toile1.jpg&#8221; _builder_version=&#8221;3.29.3&#8243;][\/et_pb_image][\/et_pb_column][et_pb_column type=&#8221;1_3&#8243; _builder_version=&#8221;3.29.3&#8243;][et_pb_image src=&#8221;http:\/\/www.plasticsurgery-canada.com\/wp-content\/uploads\/2017\/04\/toile3.jpg&#8221; _builder_version=&#8221;3.29.3&#8243;][\/et_pb_image][\/et_pb_column][et_pb_column type=&#8221;1_3&#8243; _builder_version=&#8221;3.29.3&#8243;][et_pb_image src=&#8221;http:\/\/www.plasticsurgery-canada.com\/wp-content\/uploads\/2017\/04\/toile2.jpg&#8221; _builder_version=&#8221;3.29.3&#8243;][\/et_pb_image][\/et_pb_column][\/et_pb_row][\/et_pb_section]<\/p>\n","protected":false},"excerpt":{"rendered":"<p>Richard Moufarr\u00e8geDr Moufarrege is Fellow of the Royal College of Surgery (Canada) and Assistant Professor of Plastic surgery in the University of Montreal. He is also Professor in the French College of plastic Surgery, since he trained a large number of French plastic surgeons. He started his practice in the Hotel-Dieu University hospital in Montreal [&hellip;]<\/p>\n","protected":false},"author":2,"featured_media":0,"parent":0,"menu_order":0,"comment_status":"closed","ping_status":"closed","template":"","meta":{"_et_pb_use_builder":"on","_et_pb_old_content":"","_et_gb_content_width":"","content-type":"","footnotes":""},"yst_prominent_words":[],"_links":{"self":[{"href":"https:\/\/www.plasticsurgery-canada.com\/en\/wp-json\/wp\/v2\/pages\/1820"}],"collection":[{"href":"https:\/\/www.plasticsurgery-canada.com\/en\/wp-json\/wp\/v2\/pages"}],"about":[{"href":"https:\/\/www.plasticsurgery-canada.com\/en\/wp-json\/wp\/v2\/types\/page"}],"author":[{"embeddable":true,"href":"https:\/\/www.plasticsurgery-canada.com\/en\/wp-json\/wp\/v2\/users\/2"}],"replies":[{"embeddable":true,"href":"https:\/\/www.plasticsurgery-canada.com\/en\/wp-json\/wp\/v2\/comments?post=1820"}],"version-history":[{"count":0,"href":"https:\/\/www.plasticsurgery-canada.com\/en\/wp-json\/wp\/v2\/pages\/1820\/revisions"}],"wp:attachment":[{"href":"https:\/\/www.plasticsurgery-canada.com\/en\/wp-json\/wp\/v2\/media?parent=1820"}],"wp:term":[{"taxonomy":"yst_prominent_words","embeddable":true,"href":"https:\/\/www.plasticsurgery-canada.com\/en\/wp-json\/wp\/v2\/yst_prominent_words?post=1820"}],"curies":[{"name":"wp","href":"https:\/\/api.w.org\/{rel}","templated":true}]}}